{"id":503,"date":"2014-07-09T16:04:43","date_gmt":"2014-07-09T16:04:43","guid":{"rendered":"https:\/\/finestfillet.com\/kanafilee-ja-kintsuliha\/"},"modified":"2022-09-11T17:55:37","modified_gmt":"2022-09-11T17:55:37","slug":"kanan-rintafileen-ja-reisilihan-vertailu","status":"publish","type":"page","link":"https:\/\/finestfillet.com\/fi\/kanan-rintafileen-ja-reisilihan-vertailu\/","title":{"rendered":"Kanan rintafileen ja reisilihan vertailu"},"content":{"rendered":"\n<style type=\"text\/css\" data-created_by=\"avia_inline_auto\" id=\"style-css-av-d19b2-79e4c474d663c0d7a7f551ef7d729ff8\">\n.avia-section.av-d19b2-79e4c474d663c0d7a7f551ef7d729ff8{\nbackground-repeat:no-repeat;\nbackground-image:url(https:\/\/finestfillet.com\/wp-content\/uploads\/2022\/05\/Image5.jpg);\nbackground-position:50% 50%;\nbackground-attachment:scroll;\n}\n.avia-section.av-d19b2-79e4c474d663c0d7a7f551ef7d729ff8 .av-section-color-overlay{\nopacity:0.5;\nbackground-color:#0a0a0a;\n}\n<\/style>\n<div id='av_section_1'  class='avia-section av-d19b2-79e4c474d663c0d7a7f551ef7d729ff8 main_color avia-section-default avia-no-shadow  avia-builder-el-0  el_before_av_section  avia-builder-el-first  avia-full-stretch avia-bg-style-scroll av-section-color-overlay-active container_wrap sidebar_right'  data-section-bg-repeat='stretch'><div class=\"av-section-color-overlay-wrap\"><div class=\"av-section-color-overlay\"><\/div><div class='container av-section-cont-open' ><main  role=\"main\" itemprop=\"mainContentOfPage\"  class='template-page content  av-content-small alpha units'><div class='post-entry post-entry-type-page post-entry-503'><div class='entry-content-wrapper clearfix'>\n\n<style type=\"text\/css\" data-created_by=\"avia_inline_auto\" id=\"style-css-av-c18uu-2096b518690320f1e2ec10cffeb2b464\">\n#top .av-special-heading.av-c18uu-2096b518690320f1e2ec10cffeb2b464{\npadding-bottom:0;\ncolor:#ffffff;\nfont-size:50px;\n}\nbody .av-special-heading.av-c18uu-2096b518690320f1e2ec10cffeb2b464 .av-special-heading-tag .heading-char{\nfont-size:25px;\n}\n#top #wrap_all .av-special-heading.av-c18uu-2096b518690320f1e2ec10cffeb2b464 .av-special-heading-tag{\nfont-size:50px;\n}\n.av-special-heading.av-c18uu-2096b518690320f1e2ec10cffeb2b464 .special-heading-inner-border{\nborder-color:#ffffff;\n}\n.av-special-heading.av-c18uu-2096b518690320f1e2ec10cffeb2b464 .av-subheading{\nfont-size:18px;\n}\n\n@media only screen and (min-width: 480px) and (max-width: 767px){ \n#top #wrap_all .av-special-heading.av-c18uu-2096b518690320f1e2ec10cffeb2b464 .av-special-heading-tag{\nfont-size:0.8em;\n}\n}\n\n@media only screen and (max-width: 479px){ \n#top #wrap_all .av-special-heading.av-c18uu-2096b518690320f1e2ec10cffeb2b464 .av-special-heading-tag{\nfont-size:0.8em;\n}\n}\n<\/style>\n<div  class='av-special-heading av-c18uu-2096b518690320f1e2ec10cffeb2b464 av-special-heading-h1 custom-color-heading blockquote modern-quote  avia-builder-el-1  avia-builder-el-no-sibling  av-inherit-size'><h1 class='av-special-heading-tag '  itemprop=\"headline\"  >Kanan rintafileen ja reisilihan vertailu<\/h1><div class='av_custom_color av-subheading av-subheading_below'><p>Milt\u00e4 tuntuisi, jos kypsennetty kanan rintafilee olisi yht\u00e4 pehme\u00e4\u00e4 ja mehukasta kuin reisipala?<\/p>\n<\/div><div class=\"special-heading-border\"><div class=\"special-heading-inner-border\"><\/div><\/div><\/div>\n\n<\/div><\/div><\/main><!-- close content main element --><\/div><\/div><\/div><div id='av_section_2'  class='avia-section av-bwb5m-ee2ef6834b80b34e4254ab821aa32652 main_color avia-section-default avia-no-shadow  avia-builder-el-2  el_after_av_section  avia-builder-el-last  avia-bg-style-scroll container_wrap sidebar_right'  ><div class='container av-section-cont-open' ><div class='template-page content  av-content-small alpha units'><div class='post-entry post-entry-type-page post-entry-503'><div class='entry-content-wrapper clearfix'>\n<div  class='flex_column av-b0046-37116245f3f6d113e0d75df6783ec77f av_one_full  avia-builder-el-3  el_before_av_one_half  avia-builder-el-first  first flex_column_div  '     ><section  class='av_textblock_section av-9u8n6-4dac0dcf572a7d91fe46d52bd647d5a7 '   itemscope=\"itemscope\" itemtype=\"https:\/\/schema.org\/CreativeWork\" ><div class='avia_textblock'  itemprop=\"text\" ><p>Sek\u00e4 kanan rintafilee ett\u00e4 reisiliha ovat hyvi\u00e4 proteiinin l\u00e4hteit\u00e4. T\u00e4rkein ero niiden ravintoarvoissa johtuu rasva- ja energia. On yleisesti tiedossa, ett\u00e4 kanan reisipala on kypsennettyn\u00e4 maukasta, mehukasta ja pehme\u00e4\u00e4, mik\u00e4 johtuukin hieman suuremmasta rasvapitoisuudesta t\u00e4m\u00e4 pois.<\/p>\n<p>Finest Fillet \u2013 kehitysty\u00f6n tuloksena, on syntynyt prosessi, jossa varmistetaan rintafileen yht\u00e4 hyv\u00e4 maku, mehukkuus ja pehmeys, mutta alhaisempi rasvapitoisuus kuin vasta valmistetussa reisilihassa.<\/p>\n<\/div><\/section><\/div><div  class='flex_column av-9c63q-5a812f30c457676f23c823ad1d7e6acc av_one_half  avia-builder-el-5  el_after_av_one_full  el_before_av_one_half  first flex_column_div  column-top-margin'     ><p>\n<style type=\"text\/css\" data-created_by=\"avia_inline_auto\" id=\"style-css-av-8fk12-64e97585f7be5fde82973736642d2595\">\n#top .av-special-heading.av-8fk12-64e97585f7be5fde82973736642d2595{\npadding-bottom:20px;\n}\nbody .av-special-heading.av-8fk12-64e97585f7be5fde82973736642d2595 .av-special-heading-tag .heading-char{\nfont-size:25px;\n}\n.av-special-heading.av-8fk12-64e97585f7be5fde82973736642d2595 .av-subheading{\nfont-size:15px;\n}\n<\/style>\n<div  class='av-special-heading av-8fk12-64e97585f7be5fde82973736642d2595 av-special-heading-h2 blockquote modern-quote  avia-builder-el-6  el_before_av_image  avia-builder-el-first '><h2 class='av-special-heading-tag '  itemprop=\"headline\"  >69 kcal, 3.6g rasvaa<\/h2><div class='av-subheading av-subheading_below'><p>Finest Fillet<\/p>\n<\/div><div class=\"special-heading-border\"><div class=\"special-heading-inner-border\"><\/div><\/div><\/div><br \/>\n\n<style type=\"text\/css\" data-created_by=\"avia_inline_auto\" id=\"style-css-av-1d8ju-7c0e9da8f27614948aa2ea9dca6b4191\">\n.avia-image-container.av-1d8ju-7c0e9da8f27614948aa2ea9dca6b4191 img.avia_image{\nbox-shadow:none;\n}\n.avia-image-container.av-1d8ju-7c0e9da8f27614948aa2ea9dca6b4191 .av-image-caption-overlay-center{\ncolor:#ffffff;\n}\n<\/style>\n<div  class='avia-image-container av-1d8ju-7c0e9da8f27614948aa2ea9dca6b4191 av-styling- avia-align-left  avia-builder-el-7  el_after_av_heading  avia-builder-el-last '   itemprop=\"image\" itemscope=\"itemscope\" itemtype=\"https:\/\/schema.org\/ImageObject\" ><div class=\"avia-image-container-inner\"><div class=\"avia-image-overlay-wrap\"><img decoding=\"async\" fetchpriority=\"high\" class='wp-image-416 avia-img-lazy-loading-not-416 avia_image ' src=\"https:\/\/finestfillet.com\/wp-content\/uploads\/2022\/05\/Image6-1.jpg\" alt='' title=''  height=\"520\" width=\"347\"  itemprop=\"thumbnailUrl\" srcset=\"https:\/\/finestfillet.com\/wp-content\/uploads\/2022\/05\/Image6-1.jpg 347w, https:\/\/finestfillet.com\/wp-content\/uploads\/2022\/05\/Image6-1-200x300.jpg 200w\" sizes=\"(max-width: 347px) 100vw, 347px\" \/><\/div><\/div><\/div><\/p><\/div><div  class='flex_column av-s7zq-80c89de121aa49d134c22926c070d8a4 av_one_half  avia-builder-el-8  el_after_av_one_half  el_before_av_one_full  flex_column_div  column-top-margin'     ><p>\n<style type=\"text\/css\" data-created_by=\"avia_inline_auto\" id=\"style-css-av-l3m9c1f3-326f907fd9fb002e7d8e28de7053e135\">\n#top .av-special-heading.av-l3m9c1f3-326f907fd9fb002e7d8e28de7053e135{\npadding-bottom:20px;\n}\nbody .av-special-heading.av-l3m9c1f3-326f907fd9fb002e7d8e28de7053e135 .av-special-heading-tag .heading-char{\nfont-size:25px;\n}\n.av-special-heading.av-l3m9c1f3-326f907fd9fb002e7d8e28de7053e135 .av-subheading{\nfont-size:15px;\n}\n<\/style>\n<div  class='av-special-heading av-l3m9c1f3-326f907fd9fb002e7d8e28de7053e135 av-special-heading-h2 blockquote modern-quote  avia-builder-el-9  el_before_av_image  avia-builder-el-first '><h2 class='av-special-heading-tag '  itemprop=\"headline\"  >88 kcal, 5.0g rasvaa<\/h2><div class='av-subheading av-subheading_below'><p>Broilerin reisiliha<\/p>\n<\/div><div class=\"special-heading-border\"><div class=\"special-heading-inner-border\"><\/div><\/div><\/div><br \/>\n\n<style type=\"text\/css\" data-created_by=\"avia_inline_auto\" id=\"style-css-av-l3m9d2fy-3619bfec6eab8e9c0c36238eafc2eb0a\">\n.avia-image-container.av-l3m9d2fy-3619bfec6eab8e9c0c36238eafc2eb0a img.avia_image{\nbox-shadow:none;\n}\n.avia-image-container.av-l3m9d2fy-3619bfec6eab8e9c0c36238eafc2eb0a .av-image-caption-overlay-center{\ncolor:#ffffff;\n}\n<\/style>\n<div  class='avia-image-container av-l3m9d2fy-3619bfec6eab8e9c0c36238eafc2eb0a av-styling- avia-align-left  avia-builder-el-10  el_after_av_heading  avia-builder-el-last '   itemprop=\"image\" itemscope=\"itemscope\" itemtype=\"https:\/\/schema.org\/ImageObject\" ><div class=\"avia-image-container-inner\"><div class=\"avia-image-overlay-wrap\"><img decoding=\"async\" fetchpriority=\"high\" class='wp-image-414 avia-img-lazy-loading-not-414 avia_image ' src=\"https:\/\/finestfillet.com\/wp-content\/uploads\/2022\/05\/Image7.jpg\" alt='' title=''  height=\"520\" width=\"347\"  itemprop=\"thumbnailUrl\" srcset=\"https:\/\/finestfillet.com\/wp-content\/uploads\/2022\/05\/Image7.jpg 347w, https:\/\/finestfillet.com\/wp-content\/uploads\/2022\/05\/Image7-200x300.jpg 200w\" sizes=\"(max-width: 347px) 100vw, 347px\" \/><\/div><\/div><\/div><\/p><\/div><div  class='flex_column av-key4e-d30131597dba2e52fa775d55f74496b8 av_one_full  avia-builder-el-11  el_after_av_one_half  el_before_av_one_full  first flex_column_div  column-top-margin'     ><p>\n<style type=\"text\/css\" data-created_by=\"avia_inline_auto\" id=\"style-css-av-l3m9fd7o-379dda843a7e845d1fcca8e714c7a215\">\n#top .av-special-heading.av-l3m9fd7o-379dda843a7e845d1fcca8e714c7a215{\npadding-bottom:20px;\n}\nbody .av-special-heading.av-l3m9fd7o-379dda843a7e845d1fcca8e714c7a215 .av-special-heading-tag .heading-char{\nfont-size:25px;\n}\n.av-special-heading.av-l3m9fd7o-379dda843a7e845d1fcca8e714c7a215 .av-subheading{\nfont-size:15px;\n}\n<\/style>\n<div  class='av-special-heading av-l3m9fd7o-379dda843a7e845d1fcca8e714c7a215 av-special-heading-h3 blockquote modern-quote  avia-builder-el-12  el_before_av_table  avia-builder-el-first '><h3 class='av-special-heading-tag '  itemprop=\"headline\"  >Verrataanpa Finest Fillet &#8211; prosessi-tekniikalla valmistetun rintafileen ja naturel-Broilerin reisilihan ravintoarvoja 1 annoksessa (60 g)<\/h3><div class=\"special-heading-border\"><div class=\"special-heading-inner-border\"><\/div><\/div><\/div><br \/>\n<div class='avia-data-table-wrap av-jy2y2-7dd08f025035fa833709d14061a1ae1d avia_responsive_table avia-table-1'><table  class='avia-table avia-data-table avia_pricing_minimal  avia-builder-el-13  el_after_av_heading  avia-builder-el-last '  itemscope=\"itemscope\" itemtype=\"https:\/\/schema.org\/Table\" ><tbody><tr class='avia-heading-row'><th class=''><\/th><th class=''>Finest Fillet -\ufb01lee<\/th><th class=''>Reisiliha<\/th><\/tr><tr class=''><td class=''>Energiasis\u00e4lt\u00f6<\/td><td class=''>291 kJ \/ 69,6 kcal<\/td><td class=''>369 kJ\/ 88.2 kcal<\/td><\/tr><tr class=''><td class=''>Rasvu<\/td><td class=''>3,6 g<\/td><td class=''>5,04 g<\/td><\/tr><tr class=''><td class=''>josta tyydyttynytt\u00e4<\/td><td class=''>0,96 g<\/td><td class=''>1,5 g<\/td><\/tr><tr class=''><td class=''>Hiilihydraatit<\/td><td class=''>0,3 g<\/td><td class=''>0,18 g<\/td><\/tr><tr class=''><td class=''>josta sokereita<\/td><td class=''>0,24 g<\/td><td class=''>0,12 g<\/td><\/tr><tr class=''><td class=''>Proteiini<\/td><td class=''>9,6 g<\/td><td class=''>10,56 g<\/td><\/tr><tr class=''><td class=''>Suola<\/td><td class=''>0,46 g<\/td><td class=''>0,12g<\/td><\/tr><\/tbody><\/table><\/div><style type='text\/css'>.avia-table-1 td:nth-of-type(1):before { content: ''; } .avia-table-1 td:nth-of-type(2):before { content: 'Finest Fillet -\ufb01lee'; } .avia-table-1 td:nth-of-type(3):before { content: 'Reisiliha'; } <\/style><\/p><\/div><div  class='flex_column av-ksd5a-cafb93b7ec8acfd16b4c3097b15e702a av_one_full  avia-builder-el-14  el_after_av_one_full  avia-builder-el-last  first flex_column_div  column-top-margin'     ><p>\n<style type=\"text\/css\" data-created_by=\"avia_inline_auto\" id=\"style-css-av-l3m9j8zu-6c0e6983fbcf8d861223de9e6bdf0527\">\n#top .av-special-heading.av-l3m9j8zu-6c0e6983fbcf8d861223de9e6bdf0527{\npadding-bottom:20px;\n}\nbody .av-special-heading.av-l3m9j8zu-6c0e6983fbcf8d861223de9e6bdf0527 .av-special-heading-tag .heading-char{\nfont-size:25px;\n}\n.av-special-heading.av-l3m9j8zu-6c0e6983fbcf8d861223de9e6bdf0527 .av-subheading{\nfont-size:15px;\n}\n<\/style>\n<div  class='av-special-heading av-l3m9j8zu-6c0e6983fbcf8d861223de9e6bdf0527 av-special-heading-h3 blockquote modern-quote  avia-builder-el-15  el_before_av_table  avia-builder-el-first '><h3 class='av-special-heading-tag '  itemprop=\"headline\"  >Finest Fillet -fileess\u00e4 on hieman enemm\u00e4n rasvaa kuin luonnollisessa fileess\u00e4, mutta silti vain 3,6 grammaa 60 gramman annoksessa.<\/h3><div class=\"special-heading-border\"><div class=\"special-heading-inner-border\"><\/div><\/div><\/div><br \/>\n<div class='avia-data-table-wrap av-1z046-f8be14d929b4954a8f4f96c76ab5d3cc avia_responsive_table avia-table-2'><table  class='avia-table avia-data-table avia_pricing_minimal  avia-builder-el-16  el_after_av_heading  avia-builder-el-last '  itemscope=\"itemscope\" itemtype=\"https:\/\/schema.org\/Table\" ><tbody><tr class='avia-heading-row'><th class=''><\/th><th class=''>Finest Fillet -\ufb01lee<\/th><th class=''>Reisiliha<\/th><\/tr><tr class=''><td class=''>Energiasis\u00e4lt\u00f6<\/td><td class=''>291 kJ \/ 69,6 kcal<\/td><td class=''>263,4 kJ \/ 62.4 kcal<\/td><\/tr><tr class=''><td class=''>Rasva<\/td><td class=''>3,6 g<\/td><td class=''>0,96 g<\/td><\/tr><tr class=''><td class=''>josta tyydyttynytt\u00e4<\/td><td class=''>0,96 g<\/td><td class=''>0,3 g<\/td><\/tr><tr class=''><td class=''>Hiilihydraatit<\/td><td class=''>0,3 g<\/td><td class=''>0,18 g<\/td><\/tr><tr class=''><td class=''>josta sokereita<\/td><td class=''>0,24 g<\/td><td class=''>0,12 g<\/td><\/tr><tr class=''><td class=''>Proteiini<\/td><td class=''>9,6 g<\/td><td class=''>13,26 g<\/td><\/tr><tr class=''><td class=''>Suola<\/td><td class=''>0,46 g<\/td><td class=''>0,12g<\/td><\/tr><\/tbody><\/table><\/div><style type='text\/css'>.avia-table-2 td:nth-of-type(1):before { content: ''; } .avia-table-2 td:nth-of-type(2):before { content: 'Finest Fillet -\ufb01lee'; } .avia-table-2 td:nth-of-type(3):before { content: 'Reisiliha'; } <\/style><\/p><\/div><\/div><\/div><\/div><!-- close content main div --><\/div><\/div><div id='after_section_2'  class='main_color av_default_container_wrap container_wrap sidebar_right'  ><div class='container av-section-cont-open' ><div class='template-page content  av-content-small alpha units'><div class='post-entry post-entry-type-page post-entry-503'><div class='entry-content-wrapper clearfix'>\n","protected":false},"excerpt":{"rendered":"","protected":false},"author":1,"featured_media":0,"parent":0,"menu_order":0,"comment_status":"closed","ping_status":"closed","template":"","meta":{"footnotes":""},"class_list":["post-503","page","type-page","status-publish","hentry"],"yoast_head":"<!-- This site is optimized with the Yoast SEO plugin v26.4 - https:\/\/yoast.com\/wordpress\/plugins\/seo\/ -->\n<title>Kanan rintafileen ja reisilihan vertailu - Finest Fillet<\/title>\n<meta name=\"robots\" content=\"index, follow, max-snippet:-1, max-image-preview:large, max-video-preview:-1\" \/>\n<link rel=\"canonical\" href=\"https:\/\/finestfillet.com\/fi\/kanan-rintafileen-ja-reisilihan-vertailu\/\" \/>\n<meta property=\"og:locale\" content=\"fi_FI\" \/>\n<meta property=\"og:type\" content=\"article\" \/>\n<meta property=\"og:title\" content=\"Kanan rintafileen ja reisilihan vertailu - Finest Fillet\" \/>\n<meta property=\"og:url\" content=\"https:\/\/finestfillet.com\/fi\/kanan-rintafileen-ja-reisilihan-vertailu\/\" \/>\n<meta property=\"og:site_name\" content=\"Finest Fillet\" \/>\n<meta property=\"article:modified_time\" content=\"2022-09-11T17:55:37+00:00\" \/>\n<meta name=\"twitter:card\" content=\"summary_large_image\" \/>\n<meta name=\"twitter:label1\" content=\"Arvioitu lukuaika\" \/>\n\t<meta name=\"twitter:data1\" content=\"4 minuuttia\" \/>\n<script type=\"application\/ld+json\" class=\"yoast-schema-graph\">{\"@context\":\"https:\/\/schema.org\",\"@graph\":[{\"@type\":\"WebPage\",\"@id\":\"https:\/\/finestfillet.com\/fi\/kanan-rintafileen-ja-reisilihan-vertailu\/\",\"url\":\"https:\/\/finestfillet.com\/fi\/kanan-rintafileen-ja-reisilihan-vertailu\/\",\"name\":\"Kanan rintafileen ja reisilihan vertailu - Finest Fillet\",\"isPartOf\":{\"@id\":\"https:\/\/finestfillet.com\/en\/#website\"},\"datePublished\":\"2014-07-09T16:04:43+00:00\",\"dateModified\":\"2022-09-11T17:55:37+00:00\",\"breadcrumb\":{\"@id\":\"https:\/\/finestfillet.com\/fi\/kanan-rintafileen-ja-reisilihan-vertailu\/#breadcrumb\"},\"inLanguage\":\"fi\",\"potentialAction\":[{\"@type\":\"ReadAction\",\"target\":[\"https:\/\/finestfillet.com\/fi\/kanan-rintafileen-ja-reisilihan-vertailu\/\"]}]},{\"@type\":\"BreadcrumbList\",\"@id\":\"https:\/\/finestfillet.com\/fi\/kanan-rintafileen-ja-reisilihan-vertailu\/#breadcrumb\",\"itemListElement\":[{\"@type\":\"ListItem\",\"position\":1,\"name\":\"Home\",\"item\":\"https:\/\/finestfillet.com\/fi\/\"},{\"@type\":\"ListItem\",\"position\":2,\"name\":\"Kanan rintafileen ja reisilihan vertailu\"}]},{\"@type\":\"WebSite\",\"@id\":\"https:\/\/finestfillet.com\/en\/#website\",\"url\":\"https:\/\/finestfillet.com\/en\/\",\"name\":\"Finest Fillet\",\"description\":\"\",\"potentialAction\":[{\"@type\":\"SearchAction\",\"target\":{\"@type\":\"EntryPoint\",\"urlTemplate\":\"https:\/\/finestfillet.com\/en\/?s={search_term_string}\"},\"query-input\":{\"@type\":\"PropertyValueSpecification\",\"valueRequired\":true,\"valueName\":\"search_term_string\"}}],\"inLanguage\":\"fi\"}]}<\/script>\n<!-- \/ Yoast SEO plugin. -->","yoast_head_json":{"title":"Kanan rintafileen ja reisilihan vertailu - Finest Fillet","robots":{"index":"index","follow":"follow","max-snippet":"max-snippet:-1","max-image-preview":"max-image-preview:large","max-video-preview":"max-video-preview:-1"},"canonical":"https:\/\/finestfillet.com\/fi\/kanan-rintafileen-ja-reisilihan-vertailu\/","og_locale":"fi_FI","og_type":"article","og_title":"Kanan rintafileen ja reisilihan vertailu - Finest Fillet","og_url":"https:\/\/finestfillet.com\/fi\/kanan-rintafileen-ja-reisilihan-vertailu\/","og_site_name":"Finest Fillet","article_modified_time":"2022-09-11T17:55:37+00:00","twitter_card":"summary_large_image","twitter_misc":{"Arvioitu lukuaika":"4 minuuttia"},"schema":{"@context":"https:\/\/schema.org","@graph":[{"@type":"WebPage","@id":"https:\/\/finestfillet.com\/fi\/kanan-rintafileen-ja-reisilihan-vertailu\/","url":"https:\/\/finestfillet.com\/fi\/kanan-rintafileen-ja-reisilihan-vertailu\/","name":"Kanan rintafileen ja reisilihan vertailu - Finest Fillet","isPartOf":{"@id":"https:\/\/finestfillet.com\/en\/#website"},"datePublished":"2014-07-09T16:04:43+00:00","dateModified":"2022-09-11T17:55:37+00:00","breadcrumb":{"@id":"https:\/\/finestfillet.com\/fi\/kanan-rintafileen-ja-reisilihan-vertailu\/#breadcrumb"},"inLanguage":"fi","potentialAction":[{"@type":"ReadAction","target":["https:\/\/finestfillet.com\/fi\/kanan-rintafileen-ja-reisilihan-vertailu\/"]}]},{"@type":"BreadcrumbList","@id":"https:\/\/finestfillet.com\/fi\/kanan-rintafileen-ja-reisilihan-vertailu\/#breadcrumb","itemListElement":[{"@type":"ListItem","position":1,"name":"Home","item":"https:\/\/finestfillet.com\/fi\/"},{"@type":"ListItem","position":2,"name":"Kanan rintafileen ja reisilihan vertailu"}]},{"@type":"WebSite","@id":"https:\/\/finestfillet.com\/en\/#website","url":"https:\/\/finestfillet.com\/en\/","name":"Finest Fillet","description":"","potentialAction":[{"@type":"SearchAction","target":{"@type":"EntryPoint","urlTemplate":"https:\/\/finestfillet.com\/en\/?s={search_term_string}"},"query-input":{"@type":"PropertyValueSpecification","valueRequired":true,"valueName":"search_term_string"}}],"inLanguage":"fi"}]}},"_links":{"self":[{"href":"https:\/\/finestfillet.com\/fi\/wp-json\/wp\/v2\/pages\/503","targetHints":{"allow":["GET"]}}],"collection":[{"href":"https:\/\/finestfillet.com\/fi\/wp-json\/wp\/v2\/pages"}],"about":[{"href":"https:\/\/finestfillet.com\/fi\/wp-json\/wp\/v2\/types\/page"}],"author":[{"embeddable":true,"href":"https:\/\/finestfillet.com\/fi\/wp-json\/wp\/v2\/users\/1"}],"replies":[{"embeddable":true,"href":"https:\/\/finestfillet.com\/fi\/wp-json\/wp\/v2\/comments?post=503"}],"version-history":[{"count":4,"href":"https:\/\/finestfillet.com\/fi\/wp-json\/wp\/v2\/pages\/503\/revisions"}],"predecessor-version":[{"id":548,"href":"https:\/\/finestfillet.com\/fi\/wp-json\/wp\/v2\/pages\/503\/revisions\/548"}],"wp:attachment":[{"href":"https:\/\/finestfillet.com\/fi\/wp-json\/wp\/v2\/media?parent=503"}],"curies":[{"name":"wp","href":"https:\/\/api.w.org\/{rel}","templated":true}]}}